{"id":600,"date":"2024-02-08T10:39:28","date_gmt":"2024-02-08T10:39:28","guid":{"rendered":"https:\/\/mundoperritos.com\/?page_id=600"},"modified":"2025-11-27T02:37:17","modified_gmt":"2025-11-27T02:37:17","slug":"inicio","status":"publish","type":"page","link":"https:\/\/mundoperritos.com\/","title":{"rendered":"Inicio"},"content":{"rendered":"\n<div class=\"wp-block-cover alignfull is-light\" style=\"min-height:370px;aspect-ratio:unset;\"><video class=\"wp-block-cover__video-background intrinsic-ignore\" autoplay muted loop playsinline src=\"https:\/\/mundoperritos.com\/wp-content\/uploads\/2023\/05\/pexels-anna-shvets-4772989-3840x2160-24fps.mp4\" style=\"object-position:52% 30%\" data-object-fit=\"cover\" data-object-position=\"52% 30%\"><\/video><span aria-hidden=\"true\" class=\"wp-block-cover__background has-pale-pink-background-color has-background-dim\"><\/span><div class=\"wp-block-cover__inner-container is-layout-constrained wp-block-cover-is-layout-constrained\"><div class=\"aligncenter wp-block-site-logo\"><a href=\"https:\/\/mundoperritos.com\/\" class=\"custom-logo-link\" rel=\"home\"><img loading=\"lazy\" decoding=\"async\" width=\"211\" height=\"192\" src=\"https:\/\/mundoperritos.com\/wp-content\/uploads\/2024\/02\/MUNDO-PERRITOS-2024.png\" class=\"custom-logo\" alt=\"Mundo Perritos\" srcset=\"https:\/\/mundoperritos.com\/wp-content\/uploads\/2024\/02\/MUNDO-PERRITOS-2024.png 842w, https:\/\/mundoperritos.com\/wp-content\/uploads\/2024\/02\/MUNDO-PERRITOS-2024-300x274.png 300w, https:\/\/mundoperritos.com\/wp-content\/uploads\/2024\/02\/MUNDO-PERRITOS-2024-768x702.png 768w, https:\/\/mundoperritos.com\/wp-content\/uploads\/2024\/02\/MUNDO-PERRITOS-2024-600x549.png 600w\" sizes=\"auto, (max-width: 211px) 100vw, 211px\" \/><\/a><\/div><\/div><\/div>\n\n\n\n<div style=\"height:12px\" aria-hidden=\"true\" class=\"wp-block-spacer\"><\/div>\n\n\n<nav class=\"has-text-color has-ast-global-color-2-color has-medium-font-size is-responsive items-justified-center wp-block-navigation is-content-justification-center is-layout-flex wp-container-core-navigation-is-layout-3e41869c wp-block-navigation-is-layout-flex\" aria-label=\"Navigation\" \n\t\t data-wp-interactive=\"core\/navigation\" data-wp-context='{\"overlayOpenedBy\":{\"click\":false,\"hover\":false,\"focus\":false},\"type\":\"overlay\",\"roleAttribute\":\"\",\"ariaLabel\":\"Men\\u00fa\"}'><button aria-haspopup=\"dialog\" aria-label=\"Abrir el men\u00fa\" class=\"wp-block-navigation__responsive-container-open always-shown\" \n\t\t\t\tdata-wp-on--click=\"actions.openMenuOnClick\"\n\t\t\t\tdata-wp-on--keydown=\"actions.handleMenuKeydown\"\n\t\t\t><svg width=\"24\" height=\"24\" xmlns=\"http:\/\/www.w3.org\/2000\/svg\" viewBox=\"0 0 24 24\"><path d=\"M5 5v1.5h14V5H5z\"><\/path><path d=\"M5 12.8h14v-1.5H5v1.5z\"><\/path><path d=\"M5 19h14v-1.5H5V19z\"><\/path><\/svg><\/button>\n\t\t\t\t<div class=\"wp-block-navigation__responsive-container hidden-by-default has-text-color has-ast-global-color-3-color\"  id=\"modal-1\" \n\t\t\t\tdata-wp-class--has-modal-open=\"state.isMenuOpen\"\n\t\t\t\tdata-wp-class--is-menu-open=\"state.isMenuOpen\"\n\t\t\t\tdata-wp-watch=\"callbacks.initMenu\"\n\t\t\t\tdata-wp-on--keydown=\"actions.handleMenuKeydown\"\n\t\t\t\tdata-wp-on--focusout=\"actions.handleMenuFocusout\"\n\t\t\t\ttabindex=\"-1\"\n\t\t\t>\n\t\t\t\t\t<div class=\"wp-block-navigation__responsive-close\" tabindex=\"-1\">\n\t\t\t\t\t\t<div class=\"wp-block-navigation__responsive-dialog\" \n\t\t\t\tdata-wp-bind--aria-modal=\"state.ariaModal\"\n\t\t\t\tdata-wp-bind--aria-label=\"state.ariaLabel\"\n\t\t\t\tdata-wp-bind--role=\"state.roleAttribute\"\n\t\t\t>\n\t\t\t\t\t\t\t<button aria-label=\"Cerrar el men\u00fa\" class=\"wp-block-navigation__responsive-container-close\" \n\t\t\t\tdata-wp-on--click=\"actions.closeMenuOnClick\"\n\t\t\t><svg xmlns=\"http:\/\/www.w3.org\/2000\/svg\" viewBox=\"0 0 24 24\" width=\"24\" height=\"24\" aria-hidden=\"true\" focusable=\"false\"><path d=\"m13.06 12 6.47-6.47-1.06-1.06L12 10.94 5.53 4.47 4.47 5.53 10.94 12l-6.47 6.47 1.06 1.06L12 13.06l6.47 6.47 1.06-1.06L13.06 12Z\"><\/path><\/svg><\/button>\n\t\t\t\t\t\t\t<div class=\"wp-block-navigation__responsive-container-content\" \n\t\t\t\tdata-wp-watch=\"callbacks.focusFirstElement\"\n\t\t\t id=\"modal-1-content\">\n\t\t\t\t\t\t\t\t<ul class=\"wp-block-navigation__container has-text-color has-ast-global-color-2-color has-medium-font-size is-responsive items-justified-center wp-block-navigation has-medium-font-size\"><li class=\"has-medium-font-size wp-block-navigation-item wp-block-navigation-link\"><a class=\"wp-block-navigation-item__content\"  href=\"https:\/\/mundoperritos.com\/index.php\/blog\/\"><span class=\"wp-block-navigation-item__label\">Blog<\/span><\/a><\/li><li class=\"has-medium-font-size wp-block-navigation-item wp-block-navigation-link\"><a class=\"wp-block-navigation-item__content\"  href=\"https:\/\/mundoperritos.com\/index.php\/cursos\/\"><span class=\"wp-block-navigation-item__label\">Cursos <\/span><\/a><\/li><\/ul>\n\t\t\t\t\t\t\t\t\n\t\t\t\t\t\t\t<\/div>\n\t\t\t\t\t\t<\/div>\n\t\t\t\t\t<\/div>\n\t\t\t\t<\/div><\/nav>\n\n\n<div style=\"height:15px\" aria-hidden=\"true\" class=\"wp-block-spacer\"><\/div>\n\n\n\n<div class=\"wp-block-cover alignfull\" style=\"min-height:249px;aspect-ratio:unset;\"><img loading=\"lazy\" decoding=\"async\" width=\"1200\" height=\"628\" class=\"wp-block-cover__image-background wp-image-195\" alt=\"\" src=\"https:\/\/mundoperritos.com\/wp-content\/uploads\/2023\/06\/My-project-1-88.jpg\" style=\"object-position:56% 10%\" data-object-fit=\"cover\" data-object-position=\"56% 10%\" srcset=\"https:\/\/mundoperritos.com\/wp-content\/uploads\/2023\/06\/My-project-1-88.jpg 1200w, https:\/\/mundoperritos.com\/wp-content\/uploads\/2023\/06\/My-project-1-88-600x314.jpg 600w, https:\/\/mundoperritos.com\/wp-content\/uploads\/2023\/06\/My-project-1-88-300x157.jpg 300w, https:\/\/mundoperritos.com\/wp-content\/uploads\/2023\/06\/My-project-1-88-1024x536.jpg 1024w, https:\/\/mundoperritos.com\/wp-content\/uploads\/2023\/06\/My-project-1-88-768x402.jpg 768w\" sizes=\"auto, (max-width: 1200px) 100vw, 1200px\" \/><span aria-hidden=\"true\" class=\"wp-block-cover__background has-background-dim-90 has-background-dim\" style=\"background-color:#030a16\"><\/span><div class=\"wp-block-cover__inner-container is-layout-constrained wp-block-cover-is-layout-constrained\">\n<h2 class=\"wp-block-heading has-text-align-center has-ast-global-color-5-color has-text-color has-link-color wp-elements-6c171d75877dae1afba62aa658385290\" style=\"font-size:30px\">\u00a1Bienvenido a un sitio \u00fanico sobre perritos!<\/h2>\n<\/div><\/div>\n\n\n\n<div style=\"height:15px\" aria-hidden=\"true\" class=\"wp-block-spacer\"><\/div>\n\n\n\n<div class=\"wp-block-media-text alignwide has-media-on-the-right is-stacked-on-mobile\" style=\"padding-right:var(--wp--preset--spacing--30);padding-left:var(--wp--preset--spacing--30);grid-template-columns:auto 35%\"><div class=\"wp-block-media-text__content\">\n<h2 class=\"wp-block-heading has-text-align-center\" style=\"border-style:none;border-width:0px;font-size:25px\">Alimentos humanos peligrosos para perros: Una gu\u00eda para mantener a tu mascota segura<\/h2>\n\n\n\n<p class=\"has-text-align-center wp-block-paragraph\" style=\"margin-right:var(--wp--preset--spacing--50);margin-left:var(--wp--preset--spacing--50);font-size:18px\">Como amantes de los perros, a menudo queremos compartir nuestros alimentos con ellos. Sin embargo, muchos alimentos que son&#8230;<\/p>\n\n\n\n<div class=\"wp-block-buttons is-content-justification-center is-layout-flex wp-container-core-buttons-is-layout-3e41869c wp-block-buttons-is-layout-flex\">\n<div class=\"wp-block-button is-style-fill\"><a class=\"wp-block-button__link has-base-color has-ast-global-color-2-background-color has-text-color has-background has-link-color has-small-font-size has-custom-font-size wp-element-button\" href=\"https:\/\/mundoperritos.com\/index.php\/alimentos-humanos-peligrosos-para-perros-una-guia-para-mantener-a-tu-mascota-segura\/\" style=\"border-radius:35px\">Leer m\u00e1s<\/a><\/div>\n<\/div>\n\n\n\n<div style=\"height:15px\" aria-hidden=\"true\" class=\"wp-block-spacer\"><\/div>\n<\/div><figure class=\"wp-block-media-text__media\"><img loading=\"lazy\" decoding=\"async\" width=\"1024\" height=\"1024\" src=\"https:\/\/mundoperritos.com\/wp-content\/uploads\/2023\/05\/My-project-1-67-1024x1024.jpg\" alt=\"\" class=\"wp-image-107 size-full\" srcset=\"https:\/\/mundoperritos.com\/wp-content\/uploads\/2023\/05\/My-project-1-67-1024x1024.jpg 1024w, https:\/\/mundoperritos.com\/wp-content\/uploads\/2023\/05\/My-project-1-67-300x300.jpg 300w, https:\/\/mundoperritos.com\/wp-content\/uploads\/2023\/05\/My-project-1-67-100x100.jpg 100w, https:\/\/mundoperritos.com\/wp-content\/uploads\/2023\/05\/My-project-1-67-600x600.jpg 600w, https:\/\/mundoperritos.com\/wp-content\/uploads\/2023\/05\/My-project-1-67-150x150.jpg 150w, https:\/\/mundoperritos.com\/wp-content\/uploads\/2023\/05\/My-project-1-67-768x768.jpg 768w, https:\/\/mundoperritos.com\/wp-content\/uploads\/2023\/05\/My-project-1-67.jpg 1080w\" sizes=\"auto, (max-width: 1024px) 100vw, 1024px\" \/><\/figure><\/div>\n\n\n\n<div style=\"height:15px\" aria-hidden=\"true\" class=\"wp-block-spacer\"><\/div>\n\n\n\n<div class=\"wp-block-media-text alignwide is-stacked-on-mobile has-white-background-color has-background\" style=\"padding-right:var(--wp--preset--spacing--30);padding-left:var(--wp--preset--spacing--30);grid-template-columns:35% auto\"><figure class=\"wp-block-media-text__media\"><img loading=\"lazy\" decoding=\"async\" width=\"1080\" height=\"1080\" src=\"https:\/\/mundoperritos.com\/wp-content\/uploads\/2024\/02\/My-project-1-72.jpg\" alt=\"\" class=\"wp-image-652 size-full\" srcset=\"https:\/\/mundoperritos.com\/wp-content\/uploads\/2024\/02\/My-project-1-72.jpg 1080w, https:\/\/mundoperritos.com\/wp-content\/uploads\/2024\/02\/My-project-1-72-300x300.jpg 300w, https:\/\/mundoperritos.com\/wp-content\/uploads\/2024\/02\/My-project-1-72-1024x1024.jpg 1024w, https:\/\/mundoperritos.com\/wp-content\/uploads\/2024\/02\/My-project-1-72-150x150.jpg 150w, https:\/\/mundoperritos.com\/wp-content\/uploads\/2024\/02\/My-project-1-72-768x768.jpg 768w, https:\/\/mundoperritos.com\/wp-content\/uploads\/2024\/02\/My-project-1-72-600x600.jpg 600w, https:\/\/mundoperritos.com\/wp-content\/uploads\/2024\/02\/My-project-1-72-100x100.jpg 100w\" sizes=\"auto, (max-width: 1080px) 100vw, 1080px\" \/><\/figure><div class=\"wp-block-media-text__content\">\n<h2 class=\"wp-block-heading has-text-align-center has-ast-global-color-2-color has-text-color has-link-color wp-elements-9b06a799ee67b19150c52b6f2df2ebcd\" style=\"font-size:25px\"><strong>La conexi\u00f3n entre el estado de \u00e1nimo de las personas y el comportamiento de los perros:<\/strong><\/h2>\n\n\n\n<div style=\"height:15px\" aria-hidden=\"true\" class=\"wp-block-spacer\"><\/div>\n\n\n\n<p class=\"has-text-align-center div { text-align: justify; text-justify: inter-word; } has-ast-global-color-7-color has-text-color has-link-color wp-elements-a83277b3be3e4119bc8db43f6c92403b wp-block-paragraph\" style=\"margin-top:0;margin-right:var(--wp--preset--spacing--30);margin-bottom:0;margin-left:var(--wp--preset--spacing--30);font-size:18px\">Como seres emocionales, los perros son sensibles a las se\u00f1ales que emanan de sus due\u00f1os y pueden verse influenciados por el estado de \u00e1nimo de las personas que los rodean&#8230;<\/p>\n\n\n\n<div style=\"height:15px\" aria-hidden=\"true\" class=\"wp-block-spacer\"><\/div>\n\n\n\n<div class=\"wp-block-buttons is-content-justification-center is-layout-flex wp-container-core-buttons-is-layout-3e41869c wp-block-buttons-is-layout-flex\">\n<div class=\"wp-block-button is-style-fill\"><a class=\"wp-block-button__link has-white-color has-ast-global-color-2-background-color has-text-color has-background has-link-color has-small-font-size has-custom-font-size wp-element-button\" href=\"https:\/\/mundoperritos.com\/index.php\/la-conexion-entre-el-estado-de-animo-de-las-personas-y-el-comportamiento-de-los-perros\/\" style=\"border-radius:35px\">Leer m\u00e1s<\/a><\/div>\n<\/div>\n<\/div><\/div>\n\n\n\n<div style=\"height:15px\" aria-hidden=\"true\" class=\"wp-block-spacer\"><\/div>\n\n\n\n<div class=\"wp-block-media-text alignwide has-media-on-the-right is-stacked-on-mobile\" style=\"padding-right:var(--wp--preset--spacing--30);padding-left:var(--wp--preset--spacing--30);grid-template-columns:auto 35%\"><div class=\"wp-block-media-text__content\">\n<h2 class=\"wp-block-heading has-text-align-center has-ast-global-color-2-color has-text-color has-link-color wp-elements-ea72ee145564198363c2efcb40f3e11e\" style=\"font-size:30px\">Adoptar un perro: Consideraciones importantes para encontrar el compa\u00f1ero perfecto<\/h2>\n\n\n\n<p class=\"has-text-align-center has-ast-global-color-2-color has-text-color has-link-color wp-elements-5117dc29ab0e3eb33ee263ee7cca30dd wp-block-paragraph\" style=\"font-size:18px\">Adoptar un perro es una experiencia gratificante que puede traer alegr\u00eda y compa\u00f1\u00eda a nuestras vidas. Sin embargo, es esencial tomar en cuenta ciertos aspectos antes de dar el paso hacia la adopci\u00f3n&#8230;<\/p>\n\n\n\n<div class=\"wp-block-buttons is-content-justification-center is-layout-flex wp-container-core-buttons-is-layout-3e41869c wp-block-buttons-is-layout-flex\">\n<div class=\"wp-block-button is-style-fill\"><a class=\"wp-block-button__link has-base-color has-ast-global-color-2-background-color has-text-color has-background has-link-color has-small-font-size has-custom-font-size wp-element-button\" href=\"https:\/\/mundoperritos.com\/index.php\/adoptar-un-perro-consideraciones-importantes-para-encontrar-el-companero-perfecto\/\" style=\"border-radius:35px\">Leer m\u00e1s<\/a><\/div>\n<\/div>\n<\/div><figure class=\"wp-block-media-text__media\"><img loading=\"lazy\" decoding=\"async\" width=\"1024\" height=\"1024\" src=\"https:\/\/mundoperritos.com\/wp-content\/uploads\/2023\/05\/My-project-1-68-1-1024x1024.jpg\" alt=\"\" class=\"wp-image-180 size-full\" srcset=\"https:\/\/mundoperritos.com\/wp-content\/uploads\/2023\/05\/My-project-1-68-1-1024x1024.jpg 1024w, https:\/\/mundoperritos.com\/wp-content\/uploads\/2023\/05\/My-project-1-68-1-300x300.jpg 300w, https:\/\/mundoperritos.com\/wp-content\/uploads\/2023\/05\/My-project-1-68-1-100x100.jpg 100w, https:\/\/mundoperritos.com\/wp-content\/uploads\/2023\/05\/My-project-1-68-1-600x600.jpg 600w, https:\/\/mundoperritos.com\/wp-content\/uploads\/2023\/05\/My-project-1-68-1-150x150.jpg 150w, https:\/\/mundoperritos.com\/wp-content\/uploads\/2023\/05\/My-project-1-68-1-768x768.jpg 768w, https:\/\/mundoperritos.com\/wp-content\/uploads\/2023\/05\/My-project-1-68-1.jpg 1080w\" sizes=\"auto, (max-width: 1024px) 100vw, 1024px\" \/><\/figure><\/div>\n\n\n\n<div style=\"height:15px\" aria-hidden=\"true\" class=\"wp-block-spacer\"><\/div>\n\n\n\n<div class=\"wp-block-buttons is-content-justification-center is-layout-flex wp-container-core-buttons-is-layout-3e41869c wp-block-buttons-is-layout-flex\">\n<div class=\"wp-block-button is-style-fill\"><a class=\"wp-block-button__link has-pale-pink-background-color has-background has-custom-font-size wp-element-button\" href=\"https:\/\/mundoperritos.com\/index.php\/blog\/\" style=\"font-size:15px\">Ver m\u00e1s art\u00edculos<\/a><\/div>\n<\/div>\n\n\n\n<div style=\"height:15px\" aria-hidden=\"true\" class=\"wp-block-spacer\"><\/div>\n\n\n\n<div class=\"wp-block-cover alignfull is-light\"><img loading=\"lazy\" decoding=\"async\" width=\"1080\" height=\"1080\" class=\"wp-block-cover__image-background wp-image-176\" alt=\"\" src=\"https:\/\/mundoperritos.com\/wp-content\/uploads\/2023\/05\/My-project-1-77.jpg\" data-object-fit=\"cover\" srcset=\"https:\/\/mundoperritos.com\/wp-content\/uploads\/2023\/05\/My-project-1-77.jpg 1080w, https:\/\/mundoperritos.com\/wp-content\/uploads\/2023\/05\/My-project-1-77-300x300.jpg 300w, https:\/\/mundoperritos.com\/wp-content\/uploads\/2023\/05\/My-project-1-77-100x100.jpg 100w, https:\/\/mundoperritos.com\/wp-content\/uploads\/2023\/05\/My-project-1-77-600x600.jpg 600w, https:\/\/mundoperritos.com\/wp-content\/uploads\/2023\/05\/My-project-1-77-1024x1024.jpg 1024w, https:\/\/mundoperritos.com\/wp-content\/uploads\/2023\/05\/My-project-1-77-150x150.jpg 150w, https:\/\/mundoperritos.com\/wp-content\/uploads\/2023\/05\/My-project-1-77-768x768.jpg 768w\" sizes=\"auto, (max-width: 1080px) 100vw, 1080px\" \/><span aria-hidden=\"true\" class=\"wp-block-cover__background has-background-dim-80 has-background-dim\" style=\"background-color:#ffd5e0\"><\/span><div class=\"wp-block-cover__inner-container is-layout-constrained wp-block-cover-is-layout-constrained\">\n<div class=\"wp-block-media-text alignwide has-media-on-the-right is-stacked-on-mobile\"><div class=\"wp-block-media-text__content\">\n<h2 class=\"wp-block-heading has-text-align-center has-large-font-size\">\u00a1Aprende a entrenar a tu perro!<\/h2>\n\n\n\n<p class=\"has-text-align-center wp-block-paragraph\">Entrenar a nuestro perro es esencial para tener una buena convivencia con nuestra fiel mascota. Olv\u00eddate de la limpieza de los desechos de tu perro, y aprende a jugar correctamente con \u00e9l. <\/p>\n\n\n\n<p class=\"has-text-align-center wp-block-paragraph\">\u00a1Empieza ya el entrenamiento!<\/p>\n\n\n\n<div class=\"wp-block-buttons is-content-justification-center is-layout-flex wp-container-core-buttons-is-layout-3e41869c wp-block-buttons-is-layout-flex\">\n<div class=\"wp-block-button\"><a class=\"wp-block-button__link wp-element-button\" href=\"https:\/\/mundoperritos.com\/index.php\/curso-aprende-a-entrenar-a-tu-perro\/\">M\u00e1s informaci\u00f3n<\/a><\/div>\n<\/div>\n<\/div><figure class=\"wp-block-media-text__media\"><img loading=\"lazy\" decoding=\"async\" width=\"1024\" height=\"1024\" src=\"https:\/\/mundoperritos.com\/wp-content\/uploads\/2023\/06\/My-project-1-98-1024x1024.jpg\" alt=\"\" class=\"wp-image-266 size-full\" srcset=\"https:\/\/mundoperritos.com\/wp-content\/uploads\/2023\/06\/My-project-1-98-1024x1024.jpg 1024w, https:\/\/mundoperritos.com\/wp-content\/uploads\/2023\/06\/My-project-1-98-300x300.jpg 300w, https:\/\/mundoperritos.com\/wp-content\/uploads\/2023\/06\/My-project-1-98-100x100.jpg 100w, https:\/\/mundoperritos.com\/wp-content\/uploads\/2023\/06\/My-project-1-98-600x600.jpg 600w, https:\/\/mundoperritos.com\/wp-content\/uploads\/2023\/06\/My-project-1-98-150x150.jpg 150w, https:\/\/mundoperritos.com\/wp-content\/uploads\/2023\/06\/My-project-1-98-768x768.jpg 768w, https:\/\/mundoperritos.com\/wp-content\/uploads\/2023\/06\/My-project-1-98.jpg 1080w\" sizes=\"auto, (max-width: 1024px) 100vw, 1024px\" \/><\/figure><\/div>\n<\/div><\/div>\n\n\n\n<div style=\"height:20px\" aria-hidden=\"true\" class=\"wp-block-spacer\"><\/div>\n\n\n\n<p class=\"has-text-align-center has-small-font-size wp-block-paragraph\">Dise\u00f1ado por <a href=\"http:\/\/www.dicomarkagency.com\" data-type=\"link\" data-id=\"www.dicomarkagency.com\">Dicomark Agency<\/a><\/p>\n\n\n\n<div style=\"height:15px\" aria-hidden=\"true\" class=\"wp-block-spacer\"><\/div>\n\n\n\n<p class=\"wp-block-paragraph\"><\/p>\n","protected":false},"excerpt":{"rendered":"<p>Dise\u00f1ado por Dicomark Agency<\/p>\n","protected":false},"author":1,"featured_media":0,"parent":0,"menu_order":0,"comment_status":"closed","ping_status":"closed","template":"","meta":{"_crdt_document":"","_uag_custom_page_level_css":"","site-sidebar-layout":"default","site-content-layout":"","ast-site-content-layout":"default","site-content-style":"default","site-sidebar-style":"default","ast-global-header-display":"","ast-banner-title-visibility":"","ast-main-header-display":"","ast-hfb-above-header-display":"","ast-hfb-below-header-display":"","ast-hfb-mobile-header-display":"","site-post-title":"","ast-breadcrumbs-content":"","ast-featured-img":"","footer-sml-layout":"","ast-disable-related-posts":"","theme-transparent-header-meta":"","adv-header-id-meta":"","stick-header-meta":"","header-above-stick-meta":"","header-main-stick-meta":"","header-below-stick-meta":"","astra-migrate-meta-layouts":"default","ast-page-background-enabled":"default","ast-page-background-meta":{"desktop":{"background-color":"var(--ast-global-color-4)","background-image":"","background-repeat":"repeat","background-position":"center center","background-size":"auto","background-attachment":"scroll","background-type":"","background-media":"","overlay-type":"","overlay-color":"","overlay-opacity":"","overlay-gradient":""},"tablet":{"background-color":"","background-image":"","background-repeat":"repeat","background-position":"center center","background-size":"auto","background-attachment":"scroll","background-type":"","background-media":"","overlay-type":"","overlay-color":"","overlay-opacity":"","overlay-gradient":""},"mobile":{"background-color":"","background-image":"","background-repeat":"repeat","background-position":"center center","background-size":"auto","background-attachment":"scroll","background-type":"","background-media":"","overlay-type":"","overlay-color":"","overlay-opacity":"","overlay-gradient":""}},"ast-content-background-meta":{"desktop":{"background-color":"var(--ast-global-color-5)","background-image":"","background-repeat":"repeat","background-position":"center center","background-size":"auto","background-attachment":"scroll","background-type":"","background-media":"","overlay-type":"","overlay-color":"","overlay-opacity":"","overlay-gradient":""},"tablet":{"background-color":"var(--ast-global-color-5)","background-image":"","background-repeat":"repeat","background-position":"center center","background-size":"auto","background-attachment":"scroll","background-type":"","background-media":"","overlay-type":"","overlay-color":"","overlay-opacity":"","overlay-gradient":""},"mobile":{"background-color":"var(--ast-global-color-5)","background-image":"","background-repeat":"repeat","background-position":"center center","background-size":"auto","background-attachment":"scroll","background-type":"","background-media":"","overlay-type":"","overlay-color":"","overlay-opacity":"","overlay-gradient":""}},"footnotes":""},"class_list":["post-600","page","type-page","status-publish","hentry"],"uagb_featured_image_src":{"full":false,"thumbnail":false,"medium":false,"medium_large":false,"large":false,"1536x1536":false,"2048x2048":false,"woocommerce_thumbnail":false,"woocommerce_single":false,"woocommerce_gallery_thumbnail":false},"uagb_author_info":{"display_name":"admin","author_link":"https:\/\/mundoperritos.com\/index.php\/author\/admin\/"},"uagb_comment_info":0,"uagb_excerpt":"Dise\u00f1ado por Dicomark Agency","_links":{"self":[{"href":"https:\/\/mundoperritos.com\/index.php\/wp-json\/wp\/v2\/pages\/600","targetHints":{"allow":["GET"]}}],"collection":[{"href":"https:\/\/mundoperritos.com\/index.php\/wp-json\/wp\/v2\/pages"}],"about":[{"href":"https:\/\/mundoperritos.com\/index.php\/wp-json\/wp\/v2\/types\/page"}],"author":[{"embeddable":true,"href":"https:\/\/mundoperritos.com\/index.php\/wp-json\/wp\/v2\/users\/1"}],"replies":[{"embeddable":true,"href":"https:\/\/mundoperritos.com\/index.php\/wp-json\/wp\/v2\/comments?post=600"}],"version-history":[{"count":73,"href":"https:\/\/mundoperritos.com\/index.php\/wp-json\/wp\/v2\/pages\/600\/revisions"}],"predecessor-version":[{"id":1149,"href":"https:\/\/mundoperritos.com\/index.php\/wp-json\/wp\/v2\/pages\/600\/revisions\/1149"}],"wp:attachment":[{"href":"https:\/\/mundoperritos.com\/index.php\/wp-json\/wp\/v2\/media?parent=600"}],"curies":[{"name":"wp","href":"https:\/\/api.w.org\/{rel}","templated":true}]}}